{"id":116,"date":"2021-03-22T11:48:11","date_gmt":"2021-03-22T14:48:11","guid":{"rendered":"https:\/\/advanced.siteup.dev\/?page_id=116"},"modified":"2022-04-08T13:27:22","modified_gmt":"2022-04-08T16:27:22","slug":"definicao-do-estilo-do-tema","status":"publish","type":"page","link":"https:\/\/ustradesolutions.com\/pt\/definicao-do-estilo-do-tema\/","title":{"rendered":"Estilo do tema"},"content":{"rendered":"<h1>h1 Adicione o texto do seu t\u00edtulo aqui<\/h1>\n<h2>h2 Adicione o texto do seu t\u00edtulo aqui<\/h2>\n<h3>h3 Adicione o texto do seu t\u00edtulo aqui<\/h3>\n<h4>h4 Adicione o texto do seu t\u00edtulo aqui<\/h4>\n<p>Lorem ipsum dolor sit amet, consectetur adipiscing elit. Ut elit tellus, luctus nec ullamcorper mattis, pulvinar dapibus leo.<\/p>\n<p>\t\t\t\t\t\t\t\t\t\t\t\t<img decoding=\"async\" width=\"640\" height=\"959\" src=\"https:\/\/ustradesolutions.com\/\/s.modelo\/2021\/03\/pexels-rachel-claire-4992438-150017.jpg\" alt=\"pexels rachel claire\" loading=\"lazy\" srcset=\"https:\/\/ustradesolutions.com\/\/s.modelo\/2021\/03\/pexels-rachel-claire-4992438-150017.jpg 640w, https:\/\/ustradesolutions.com\/\/s.modelo\/2021\/03\/pexels-rachel-claire-4992438-150017-200x300.jpg 200w\" sizes=\"auto, (max-width: 640px) 100vw, 640px\" \/><br \/>\n\t\t\t<a href=\"#\" role=\"button\"><br \/>\n\t\t\t\t\t\tClique aqui<br \/>\n\t\t\t\t\t<\/a><\/p>","protected":false},"excerpt":{"rendered":"<p>h1 Adicione o texto do seu t\u00edtulo aqui h2 Adicione o texto do seu t\u00edtulo aqui h3 Adicione o texto do seu t\u00edtulo aqui h4 Adicione o texto do seu t\u00edtulo aqui Lorem ipsum dolor sit amet, consectetur adipiscing elit. Ut elit tellus, luctus nec ullamcorper mattis, pulvinar dapibus leo. Clique aqui<\/p>","protected":false},"author":2,"featured_media":0,"parent":0,"menu_order":0,"comment_status":"closed","ping_status":"closed","template":"elementor_canvas","meta":{"_acf_changed":false,"footnotes":""},"class_list":["post-116","page","type-page","status-publish","hentry"],"acf":[],"yoast_head":"<!-- This site is optimized with the Yoast SEO plugin v27.6 - https:\/\/yoast.com\/product\/yoast-seo-wordpress\/ -->\n<title>Estilo do tema - Advanced Solutions<\/title>\n<meta name=\"robots\" content=\"index, nofollow, max-snippet:-1, max-image-preview:large, max-video-preview:-1\" \/>\n<link rel=\"canonical\" href=\"https:\/\/webapp412812.ip-194-195-222-213.cloudezapp.io\/definicao-do-estilo-do-tema\/\" \/>\n<meta property=\"og:locale\" content=\"pt_BR\" \/>\n<meta property=\"og:type\" content=\"article\" \/>\n<meta property=\"og:title\" content=\"Estilo do tema - Advanced Solutions\" \/>\n<meta property=\"og:description\" content=\"h1 Adicione o texto do seu t\u00edtulo aqui h2 Adicione o texto do seu t\u00edtulo aqui h3 Adicione o texto do seu t\u00edtulo aqui h4 Adicione o texto do seu t\u00edtulo aqui Lorem ipsum dolor sit amet, consectetur adipiscing elit. Ut elit tellus, luctus nec ullamcorper mattis, pulvinar dapibus leo. Clique aqui\" \/>\n<meta property=\"og:url\" content=\"https:\/\/webapp412812.ip-194-195-222-213.cloudezapp.io\/definicao-do-estilo-do-tema\/\" \/>\n<meta property=\"og:site_name\" content=\"Advanced Solutions\" \/>\n<meta property=\"article:modified_time\" content=\"2022-04-08T16:27:22+00:00\" \/>\n<meta property=\"og:image\" content=\"https:\/\/ustradesolutions.com\/\/s.modelo\/2021\/03\/pexels-rachel-claire-4992438-150017.jpg\" \/>\n<meta name=\"twitter:card\" content=\"summary_large_image\" \/>\n<meta name=\"twitter:label1\" content=\"Est. tempo de leitura\" \/>\n\t<meta name=\"twitter:data1\" content=\"1 minuto\" \/>\n<script type=\"application\/ld+json\" class=\"yoast-schema-graph\">{\"@context\":\"https:\\\/\\\/schema.org\",\"@graph\":[{\"@type\":\"WebPage\",\"@id\":\"https:\\\/\\\/webapp412812.ip-194-195-222-213.cloudezapp.io\\\/definicao-do-estilo-do-tema\\\/\",\"url\":\"https:\\\/\\\/webapp412812.ip-194-195-222-213.cloudezapp.io\\\/definicao-do-estilo-do-tema\\\/\",\"name\":\"Estilo do tema - Advanced Solutions\",\"isPartOf\":{\"@id\":\"https:\\\/\\\/ustradesolutions.com\\\/#website\"},\"primaryImageOfPage\":{\"@id\":\"https:\\\/\\\/webapp412812.ip-194-195-222-213.cloudezapp.io\\\/definicao-do-estilo-do-tema\\\/#primaryimage\"},\"image\":{\"@id\":\"https:\\\/\\\/webapp412812.ip-194-195-222-213.cloudezapp.io\\\/definicao-do-estilo-do-tema\\\/#primaryimage\"},\"thumbnailUrl\":\"https:\\\/\\\/ustradesolutions.com\\\/\\\/s.modelo\\\/2021\\\/03\\\/pexels-rachel-claire-4992438-150017.jpg\",\"datePublished\":\"2021-03-22T14:48:11+00:00\",\"dateModified\":\"2022-04-08T16:27:22+00:00\",\"breadcrumb\":{\"@id\":\"https:\\\/\\\/webapp412812.ip-194-195-222-213.cloudezapp.io\\\/definicao-do-estilo-do-tema\\\/#breadcrumb\"},\"inLanguage\":\"pt-BR\",\"potentialAction\":[{\"@type\":\"ReadAction\",\"target\":[\"https:\\\/\\\/webapp412812.ip-194-195-222-213.cloudezapp.io\\\/definicao-do-estilo-do-tema\\\/\"]}]},{\"@type\":\"ImageObject\",\"inLanguage\":\"pt-BR\",\"@id\":\"https:\\\/\\\/webapp412812.ip-194-195-222-213.cloudezapp.io\\\/definicao-do-estilo-do-tema\\\/#primaryimage\",\"url\":\"https:\\\/\\\/ustradesolutions.com\\\/\\\/s.modelo\\\/2021\\\/03\\\/pexels-rachel-claire-4992438-150017.jpg\",\"contentUrl\":\"https:\\\/\\\/ustradesolutions.com\\\/\\\/s.modelo\\\/2021\\\/03\\\/pexels-rachel-claire-4992438-150017.jpg\"},{\"@type\":\"BreadcrumbList\",\"@id\":\"https:\\\/\\\/webapp412812.ip-194-195-222-213.cloudezapp.io\\\/definicao-do-estilo-do-tema\\\/#breadcrumb\",\"itemListElement\":[{\"@type\":\"ListItem\",\"position\":1,\"name\":\"In\u00edcio\",\"item\":\"http:\\\/\\\/ustradesolutions.com\\\/\"},{\"@type\":\"ListItem\",\"position\":2,\"name\":\"Estilo do tema\"}]},{\"@type\":\"WebSite\",\"@id\":\"https:\\\/\\\/ustradesolutions.com\\\/#website\",\"url\":\"https:\\\/\\\/ustradesolutions.com\\\/\",\"name\":\"Advanced Solutions\",\"description\":\"\",\"publisher\":{\"@id\":\"https:\\\/\\\/ustradesolutions.com\\\/#organization\"},\"potentialAction\":[{\"@type\":\"SearchAction\",\"target\":{\"@type\":\"EntryPoint\",\"urlTemplate\":\"https:\\\/\\\/ustradesolutions.com\\\/?s={search_term_string}\"},\"query-input\":{\"@type\":\"PropertyValueSpecification\",\"valueRequired\":true,\"valueName\":\"search_term_string\"}}],\"inLanguage\":\"pt-BR\"},{\"@type\":\"Organization\",\"@id\":\"https:\\\/\\\/ustradesolutions.com\\\/#organization\",\"name\":\"Advanced Solutions\",\"url\":\"https:\\\/\\\/ustradesolutions.com\\\/\",\"logo\":{\"@type\":\"ImageObject\",\"inLanguage\":\"pt-BR\",\"@id\":\"https:\\\/\\\/ustradesolutions.com\\\/#\\\/schema\\\/logo\\\/image\\\/\",\"url\":\"https:\\\/\\\/ustradesolutions.com\\\/wp-content\\\/uploads\\\/2026\\\/03\\\/dd636b00-1b6c-40eb-b1c1-3c11a7c6e9c7__1_-removebg-preview.png\",\"contentUrl\":\"https:\\\/\\\/ustradesolutions.com\\\/wp-content\\\/uploads\\\/2026\\\/03\\\/dd636b00-1b6c-40eb-b1c1-3c11a7c6e9c7__1_-removebg-preview.png\",\"width\":806,\"height\":272,\"caption\":\"Advanced Solutions\"},\"image\":{\"@id\":\"https:\\\/\\\/ustradesolutions.com\\\/#\\\/schema\\\/logo\\\/image\\\/\"}}]}<\/script>\n<!-- \/ Yoast SEO plugin. -->","yoast_head_json":{"title":"Estilo do tema - Advanced Solutions","robots":{"index":"index","follow":"nofollow","max-snippet":"max-snippet:-1","max-image-preview":"max-image-preview:large","max-video-preview":"max-video-preview:-1"},"canonical":"https:\/\/webapp412812.ip-194-195-222-213.cloudezapp.io\/definicao-do-estilo-do-tema\/","og_locale":"pt_BR","og_type":"article","og_title":"Estilo do tema - Advanced Solutions","og_description":"h1 Adicione o texto do seu t\u00edtulo aqui h2 Adicione o texto do seu t\u00edtulo aqui h3 Adicione o texto do seu t\u00edtulo aqui h4 Adicione o texto do seu t\u00edtulo aqui Lorem ipsum dolor sit amet, consectetur adipiscing elit. Ut elit tellus, luctus nec ullamcorper mattis, pulvinar dapibus leo. Clique aqui","og_url":"https:\/\/webapp412812.ip-194-195-222-213.cloudezapp.io\/definicao-do-estilo-do-tema\/","og_site_name":"Advanced Solutions","article_modified_time":"2022-04-08T16:27:22+00:00","og_image":[{"url":"https:\/\/ustradesolutions.com\/\/s.modelo\/2021\/03\/pexels-rachel-claire-4992438-150017.jpg","type":"","width":"","height":""}],"twitter_card":"summary_large_image","twitter_misc":{"Est. tempo de leitura":"1 minuto"},"schema":{"@context":"https:\/\/schema.org","@graph":[{"@type":"WebPage","@id":"https:\/\/webapp412812.ip-194-195-222-213.cloudezapp.io\/definicao-do-estilo-do-tema\/","url":"https:\/\/webapp412812.ip-194-195-222-213.cloudezapp.io\/definicao-do-estilo-do-tema\/","name":"Estilo do tema - Advanced Solutions","isPartOf":{"@id":"https:\/\/ustradesolutions.com\/#website"},"primaryImageOfPage":{"@id":"https:\/\/webapp412812.ip-194-195-222-213.cloudezapp.io\/definicao-do-estilo-do-tema\/#primaryimage"},"image":{"@id":"https:\/\/webapp412812.ip-194-195-222-213.cloudezapp.io\/definicao-do-estilo-do-tema\/#primaryimage"},"thumbnailUrl":"https:\/\/ustradesolutions.com\/\/s.modelo\/2021\/03\/pexels-rachel-claire-4992438-150017.jpg","datePublished":"2021-03-22T14:48:11+00:00","dateModified":"2022-04-08T16:27:22+00:00","breadcrumb":{"@id":"https:\/\/webapp412812.ip-194-195-222-213.cloudezapp.io\/definicao-do-estilo-do-tema\/#breadcrumb"},"inLanguage":"pt-BR","potentialAction":[{"@type":"ReadAction","target":["https:\/\/webapp412812.ip-194-195-222-213.cloudezapp.io\/definicao-do-estilo-do-tema\/"]}]},{"@type":"ImageObject","inLanguage":"pt-BR","@id":"https:\/\/webapp412812.ip-194-195-222-213.cloudezapp.io\/definicao-do-estilo-do-tema\/#primaryimage","url":"https:\/\/ustradesolutions.com\/\/s.modelo\/2021\/03\/pexels-rachel-claire-4992438-150017.jpg","contentUrl":"https:\/\/ustradesolutions.com\/\/s.modelo\/2021\/03\/pexels-rachel-claire-4992438-150017.jpg"},{"@type":"BreadcrumbList","@id":"https:\/\/webapp412812.ip-194-195-222-213.cloudezapp.io\/definicao-do-estilo-do-tema\/#breadcrumb","itemListElement":[{"@type":"ListItem","position":1,"name":"In\u00edcio","item":"http:\/\/ustradesolutions.com\/"},{"@type":"ListItem","position":2,"name":"Estilo do tema"}]},{"@type":"WebSite","@id":"https:\/\/ustradesolutions.com\/#website","url":"https:\/\/ustradesolutions.com\/","name":"Advanced Solutions","description":"","publisher":{"@id":"https:\/\/ustradesolutions.com\/#organization"},"potentialAction":[{"@type":"SearchAction","target":{"@type":"EntryPoint","urlTemplate":"https:\/\/ustradesolutions.com\/?s={search_term_string}"},"query-input":{"@type":"PropertyValueSpecification","valueRequired":true,"valueName":"search_term_string"}}],"inLanguage":"pt-BR"},{"@type":"Organization","@id":"https:\/\/ustradesolutions.com\/#organization","name":"Advanced Solutions","url":"https:\/\/ustradesolutions.com\/","logo":{"@type":"ImageObject","inLanguage":"pt-BR","@id":"https:\/\/ustradesolutions.com\/#\/schema\/logo\/image\/","url":"https:\/\/ustradesolutions.com\/wp-content\/uploads\/2026\/03\/dd636b00-1b6c-40eb-b1c1-3c11a7c6e9c7__1_-removebg-preview.png","contentUrl":"https:\/\/ustradesolutions.com\/wp-content\/uploads\/2026\/03\/dd636b00-1b6c-40eb-b1c1-3c11a7c6e9c7__1_-removebg-preview.png","width":806,"height":272,"caption":"Advanced Solutions"},"image":{"@id":"https:\/\/ustradesolutions.com\/#\/schema\/logo\/image\/"}}]}},"_links":{"self":[{"href":"https:\/\/ustradesolutions.com\/pt\/wp-json\/wp\/v2\/pages\/116","targetHints":{"allow":["GET"]}}],"collection":[{"href":"https:\/\/ustradesolutions.com\/pt\/wp-json\/wp\/v2\/pages"}],"about":[{"href":"https:\/\/ustradesolutions.com\/pt\/wp-json\/wp\/v2\/types\/page"}],"author":[{"embeddable":true,"href":"https:\/\/ustradesolutions.com\/pt\/wp-json\/wp\/v2\/users\/2"}],"replies":[{"embeddable":true,"href":"https:\/\/ustradesolutions.com\/pt\/wp-json\/wp\/v2\/comments?post=116"}],"version-history":[{"count":0,"href":"https:\/\/ustradesolutions.com\/pt\/wp-json\/wp\/v2\/pages\/116\/revisions"}],"wp:attachment":[{"href":"https:\/\/ustradesolutions.com\/pt\/wp-json\/wp\/v2\/media?parent=116"}],"curies":[{"name":"wp","href":"https:\/\/api.w.org\/{rel}","templated":true}]}}