{"id":159,"date":"2021-10-28T11:29:38","date_gmt":"2021-10-28T14:29:38","guid":{"rendered":"https:\/\/advanced.siteup.dev\/?page_id=159"},"modified":"2021-10-28T11:34:03","modified_gmt":"2021-10-28T14:34:03","slug":"site-em-construcao","status":"publish","type":"page","link":"https:\/\/ustradesolutions.com\/pt\/site-em-construcao\/","title":{"rendered":"Site em constru\u00e7\u00e3o"},"content":{"rendered":"<h2>Site em constru\u00e7\u00e3o<\/h2>\n<p>\t\t\t\t\t\t\t\t\t\t\t\t<img decoding=\"async\" src=\"https:\/\/ustradesolutions.com\/\/assets\/plugins\/elementor\/assets\/images\/placeholder.png\" title=\"\" alt=\"\" \/>\t\t\t\t\t\t\t\t\t\t\t\t\t\t<\/p>\n<ul>\n<li>\n\t\t\t\t\t\t\t\t\t\t\t<a href=\"https:\/\/api.whatsapp.com\/send?phone=5519987371402\" target=\"_blank\" rel=\"noopener noopener noreferrer\"><br \/>\n\t\t\t\t\t\t\t\t\t\t+55 11 99999-9999<br \/>\n\t\t\t\t\t\t\t\t\t\t\t<\/a>\n\t\t\t\t\t\t\t\t\t<\/li>\n<li>\n\t\t\t\t\t\t\t\t\t\t\t<a href=\"https:\/\/api.whatsapp.com\/send?phone=5519988546968\" target=\"_blank\" rel=\"noopener noopener noreferrer\"><br \/>\n\t\t\t\t\t\t\t\t\t\temail@email.com.br<br \/>\n\t\t\t\t\t\t\t\t\t\t\t<\/a>\n\t\t\t\t\t\t\t\t\t<\/li>\n<\/ul>\n<p>\t\t\t\t\t<a href=\"https:\/\/www.facebook.com\/gtpsicologiaintegrada\" target=\"_blank\" rel=\"noopener noopener noreferrer\"><br \/>\n\t\t\t\t\t\tFacebook-f<br \/>\n\t\t\t\t\t\t\t\t\t\t\t<\/a><br \/>\n\t\t\t\t\t<a href=\"https:\/\/www.instagram.com\/gtpsicologia.integrada\/\" target=\"_blank\" rel=\"noopener noopener noreferrer\"><br \/>\n\t\t\t\t\t\tInstagram<br \/>\n\t\t\t\t\t\t\t\t\t\t\t<\/a><br \/>\n\t\t\t\t\t<a href=\"mailto:contato@gtpsicologia.com.br\" target=\"_blank\" rel=\"noopener\"><br \/>\n\t\t\t\t\t\tEnvelope<br \/>\n\t\t\t\t\t\t\t\t\t\t\t<\/a><\/p>\n<h2><a href=\"https:\/\/upsites.digital\/\" target=\"_blank\" rel=\"noopener noopener noreferrer\">Cria\u00e7\u00e3o de site por UpSites<\/a><\/h2>","protected":false},"excerpt":{"rendered":"<p>Site em constru\u00e7\u00e3o +55 11 99999-9999 email@email.com.br Facebook-f Instagram Envelope Cria\u00e7\u00e3o de site por UpSites<\/p>","protected":false},"author":2,"featured_media":0,"parent":0,"menu_order":0,"comment_status":"closed","ping_status":"closed","template":"elementor_canvas","meta":{"_acf_changed":false,"footnotes":""},"class_list":["post-159","page","type-page","status-publish","hentry"],"acf":[],"yoast_head":"<!-- This site is optimized with the Yoast SEO plugin v27.6 - https:\/\/yoast.com\/product\/yoast-seo-wordpress\/ -->\n<title>Site em constru\u00e7\u00e3o - Advanced Solutions<\/title>\n<meta name=\"robots\" content=\"index, follow, max-snippet:-1, max-image-preview:large, max-video-preview:-1\" \/>\n<link rel=\"canonical\" href=\"https:\/\/webapp412812.ip-194-195-222-213.cloudezapp.io\/site-em-construcao\/\" \/>\n<meta property=\"og:locale\" content=\"pt_BR\" \/>\n<meta property=\"og:type\" content=\"article\" \/>\n<meta property=\"og:title\" content=\"Site em constru\u00e7\u00e3o - Advanced Solutions\" \/>\n<meta property=\"og:description\" content=\"Site em constru\u00e7\u00e3o +55 11 99999-9999 email@email.com.br Facebook-f Instagram Envelope Cria\u00e7\u00e3o de site por UpSites\" \/>\n<meta property=\"og:url\" content=\"https:\/\/webapp412812.ip-194-195-222-213.cloudezapp.io\/site-em-construcao\/\" \/>\n<meta property=\"og:site_name\" content=\"Advanced Solutions\" \/>\n<meta property=\"article:modified_time\" content=\"2021-10-28T14:34:03+00:00\" \/>\n<meta property=\"og:image\" content=\"https:\/\/ustradesolutions.com\/\/assets\/plugins\/elementor\/assets\/images\/placeholder.png\" \/>\n<meta name=\"twitter:card\" content=\"summary_large_image\" \/>\n<meta name=\"twitter:label1\" content=\"Est. tempo de leitura\" \/>\n\t<meta name=\"twitter:data1\" content=\"1 minuto\" \/>\n<script type=\"application\/ld+json\" class=\"yoast-schema-graph\">{\"@context\":\"https:\\\/\\\/schema.org\",\"@graph\":[{\"@type\":\"WebPage\",\"@id\":\"https:\\\/\\\/webapp412812.ip-194-195-222-213.cloudezapp.io\\\/site-em-construcao\\\/\",\"url\":\"https:\\\/\\\/webapp412812.ip-194-195-222-213.cloudezapp.io\\\/site-em-construcao\\\/\",\"name\":\"Site em constru\u00e7\u00e3o - Advanced Solutions\",\"isPartOf\":{\"@id\":\"https:\\\/\\\/ustradesolutions.com\\\/#website\"},\"primaryImageOfPage\":{\"@id\":\"https:\\\/\\\/webapp412812.ip-194-195-222-213.cloudezapp.io\\\/site-em-construcao\\\/#primaryimage\"},\"image\":{\"@id\":\"https:\\\/\\\/webapp412812.ip-194-195-222-213.cloudezapp.io\\\/site-em-construcao\\\/#primaryimage\"},\"thumbnailUrl\":\"https:\\\/\\\/ustradesolutions.com\\\/\\\/assets\\\/plugins\\\/elementor\\\/assets\\\/images\\\/placeholder.png\",\"datePublished\":\"2021-10-28T14:29:38+00:00\",\"dateModified\":\"2021-10-28T14:34:03+00:00\",\"breadcrumb\":{\"@id\":\"https:\\\/\\\/webapp412812.ip-194-195-222-213.cloudezapp.io\\\/site-em-construcao\\\/#breadcrumb\"},\"inLanguage\":\"pt-BR\",\"potentialAction\":[{\"@type\":\"ReadAction\",\"target\":[\"https:\\\/\\\/webapp412812.ip-194-195-222-213.cloudezapp.io\\\/site-em-construcao\\\/\"]}]},{\"@type\":\"ImageObject\",\"inLanguage\":\"pt-BR\",\"@id\":\"https:\\\/\\\/webapp412812.ip-194-195-222-213.cloudezapp.io\\\/site-em-construcao\\\/#primaryimage\",\"url\":\"https:\\\/\\\/ustradesolutions.com\\\/\\\/assets\\\/plugins\\\/elementor\\\/assets\\\/images\\\/placeholder.png\",\"contentUrl\":\"https:\\\/\\\/ustradesolutions.com\\\/\\\/assets\\\/plugins\\\/elementor\\\/assets\\\/images\\\/placeholder.png\"},{\"@type\":\"BreadcrumbList\",\"@id\":\"https:\\\/\\\/webapp412812.ip-194-195-222-213.cloudezapp.io\\\/site-em-construcao\\\/#breadcrumb\",\"itemListElement\":[{\"@type\":\"ListItem\",\"position\":1,\"name\":\"In\u00edcio\",\"item\":\"http:\\\/\\\/ustradesolutions.com\\\/\"},{\"@type\":\"ListItem\",\"position\":2,\"name\":\"Site em constru\u00e7\u00e3o\"}]},{\"@type\":\"WebSite\",\"@id\":\"https:\\\/\\\/ustradesolutions.com\\\/#website\",\"url\":\"https:\\\/\\\/ustradesolutions.com\\\/\",\"name\":\"Advanced Solutions\",\"description\":\"\",\"publisher\":{\"@id\":\"https:\\\/\\\/ustradesolutions.com\\\/#organization\"},\"potentialAction\":[{\"@type\":\"SearchAction\",\"target\":{\"@type\":\"EntryPoint\",\"urlTemplate\":\"https:\\\/\\\/ustradesolutions.com\\\/?s={search_term_string}\"},\"query-input\":{\"@type\":\"PropertyValueSpecification\",\"valueRequired\":true,\"valueName\":\"search_term_string\"}}],\"inLanguage\":\"pt-BR\"},{\"@type\":\"Organization\",\"@id\":\"https:\\\/\\\/ustradesolutions.com\\\/#organization\",\"name\":\"Advanced Solutions\",\"url\":\"https:\\\/\\\/ustradesolutions.com\\\/\",\"logo\":{\"@type\":\"ImageObject\",\"inLanguage\":\"pt-BR\",\"@id\":\"https:\\\/\\\/ustradesolutions.com\\\/#\\\/schema\\\/logo\\\/image\\\/\",\"url\":\"https:\\\/\\\/ustradesolutions.com\\\/wp-content\\\/uploads\\\/2026\\\/03\\\/dd636b00-1b6c-40eb-b1c1-3c11a7c6e9c7__1_-removebg-preview.png\",\"contentUrl\":\"https:\\\/\\\/ustradesolutions.com\\\/wp-content\\\/uploads\\\/2026\\\/03\\\/dd636b00-1b6c-40eb-b1c1-3c11a7c6e9c7__1_-removebg-preview.png\",\"width\":806,\"height\":272,\"caption\":\"Advanced Solutions\"},\"image\":{\"@id\":\"https:\\\/\\\/ustradesolutions.com\\\/#\\\/schema\\\/logo\\\/image\\\/\"}}]}<\/script>\n<!-- \/ Yoast SEO plugin. -->","yoast_head_json":{"title":"Site em constru\u00e7\u00e3o - Advanced Solutions","robots":{"index":"index","follow":"follow","max-snippet":"max-snippet:-1","max-image-preview":"max-image-preview:large","max-video-preview":"max-video-preview:-1"},"canonical":"https:\/\/webapp412812.ip-194-195-222-213.cloudezapp.io\/site-em-construcao\/","og_locale":"pt_BR","og_type":"article","og_title":"Site em constru\u00e7\u00e3o - Advanced Solutions","og_description":"Site em constru\u00e7\u00e3o +55 11 99999-9999 email@email.com.br Facebook-f Instagram Envelope Cria\u00e7\u00e3o de site por UpSites","og_url":"https:\/\/webapp412812.ip-194-195-222-213.cloudezapp.io\/site-em-construcao\/","og_site_name":"Advanced Solutions","article_modified_time":"2021-10-28T14:34:03+00:00","og_image":[{"url":"https:\/\/ustradesolutions.com\/\/assets\/plugins\/elementor\/assets\/images\/placeholder.png","type":"","width":"","height":""}],"twitter_card":"summary_large_image","twitter_misc":{"Est. tempo de leitura":"1 minuto"},"schema":{"@context":"https:\/\/schema.org","@graph":[{"@type":"WebPage","@id":"https:\/\/webapp412812.ip-194-195-222-213.cloudezapp.io\/site-em-construcao\/","url":"https:\/\/webapp412812.ip-194-195-222-213.cloudezapp.io\/site-em-construcao\/","name":"Site em constru\u00e7\u00e3o - Advanced Solutions","isPartOf":{"@id":"https:\/\/ustradesolutions.com\/#website"},"primaryImageOfPage":{"@id":"https:\/\/webapp412812.ip-194-195-222-213.cloudezapp.io\/site-em-construcao\/#primaryimage"},"image":{"@id":"https:\/\/webapp412812.ip-194-195-222-213.cloudezapp.io\/site-em-construcao\/#primaryimage"},"thumbnailUrl":"https:\/\/ustradesolutions.com\/\/assets\/plugins\/elementor\/assets\/images\/placeholder.png","datePublished":"2021-10-28T14:29:38+00:00","dateModified":"2021-10-28T14:34:03+00:00","breadcrumb":{"@id":"https:\/\/webapp412812.ip-194-195-222-213.cloudezapp.io\/site-em-construcao\/#breadcrumb"},"inLanguage":"pt-BR","potentialAction":[{"@type":"ReadAction","target":["https:\/\/webapp412812.ip-194-195-222-213.cloudezapp.io\/site-em-construcao\/"]}]},{"@type":"ImageObject","inLanguage":"pt-BR","@id":"https:\/\/webapp412812.ip-194-195-222-213.cloudezapp.io\/site-em-construcao\/#primaryimage","url":"https:\/\/ustradesolutions.com\/\/assets\/plugins\/elementor\/assets\/images\/placeholder.png","contentUrl":"https:\/\/ustradesolutions.com\/\/assets\/plugins\/elementor\/assets\/images\/placeholder.png"},{"@type":"BreadcrumbList","@id":"https:\/\/webapp412812.ip-194-195-222-213.cloudezapp.io\/site-em-construcao\/#breadcrumb","itemListElement":[{"@type":"ListItem","position":1,"name":"In\u00edcio","item":"http:\/\/ustradesolutions.com\/"},{"@type":"ListItem","position":2,"name":"Site em constru\u00e7\u00e3o"}]},{"@type":"WebSite","@id":"https:\/\/ustradesolutions.com\/#website","url":"https:\/\/ustradesolutions.com\/","name":"Advanced Solutions","description":"","publisher":{"@id":"https:\/\/ustradesolutions.com\/#organization"},"potentialAction":[{"@type":"SearchAction","target":{"@type":"EntryPoint","urlTemplate":"https:\/\/ustradesolutions.com\/?s={search_term_string}"},"query-input":{"@type":"PropertyValueSpecification","valueRequired":true,"valueName":"search_term_string"}}],"inLanguage":"pt-BR"},{"@type":"Organization","@id":"https:\/\/ustradesolutions.com\/#organization","name":"Advanced Solutions","url":"https:\/\/ustradesolutions.com\/","logo":{"@type":"ImageObject","inLanguage":"pt-BR","@id":"https:\/\/ustradesolutions.com\/#\/schema\/logo\/image\/","url":"https:\/\/ustradesolutions.com\/wp-content\/uploads\/2026\/03\/dd636b00-1b6c-40eb-b1c1-3c11a7c6e9c7__1_-removebg-preview.png","contentUrl":"https:\/\/ustradesolutions.com\/wp-content\/uploads\/2026\/03\/dd636b00-1b6c-40eb-b1c1-3c11a7c6e9c7__1_-removebg-preview.png","width":806,"height":272,"caption":"Advanced Solutions"},"image":{"@id":"https:\/\/ustradesolutions.com\/#\/schema\/logo\/image\/"}}]}},"_links":{"self":[{"href":"https:\/\/ustradesolutions.com\/pt\/wp-json\/wp\/v2\/pages\/159","targetHints":{"allow":["GET"]}}],"collection":[{"href":"https:\/\/ustradesolutions.com\/pt\/wp-json\/wp\/v2\/pages"}],"about":[{"href":"https:\/\/ustradesolutions.com\/pt\/wp-json\/wp\/v2\/types\/page"}],"author":[{"embeddable":true,"href":"https:\/\/ustradesolutions.com\/pt\/wp-json\/wp\/v2\/users\/2"}],"replies":[{"embeddable":true,"href":"https:\/\/ustradesolutions.com\/pt\/wp-json\/wp\/v2\/comments?post=159"}],"version-history":[{"count":0,"href":"https:\/\/ustradesolutions.com\/pt\/wp-json\/wp\/v2\/pages\/159\/revisions"}],"wp:attachment":[{"href":"https:\/\/ustradesolutions.com\/pt\/wp-json\/wp\/v2\/media?parent=159"}],"curies":[{"name":"wp","href":"https:\/\/api.w.org\/{rel}","templated":true}]}}