{"id":16,"date":"2017-12-05T12:47:47","date_gmt":"2017-12-05T14:47:47","guid":{"rendered":"https:\/\/advanced.siteup.dev\/?page_id=16"},"modified":"2026-05-07T04:29:11","modified_gmt":"2026-05-07T07:29:11","slug":"home","status":"publish","type":"page","link":"https:\/\/ustradesolutions.com\/pt\/","title":{"rendered":"Home"},"content":{"rendered":"","protected":false},"excerpt":{"rendered":"","protected":false},"author":2,"featured_media":0,"parent":0,"menu_order":0,"comment_status":"closed","ping_status":"closed","template":"pages\/home.php","meta":{"_acf_changed":false,"footnotes":""},"class_list":["post-16","page","type-page","status-publish","hentry"],"acf":[],"yoast_head":"<!-- This site is optimized with the Yoast SEO plugin v27.6 - https:\/\/yoast.com\/product\/yoast-seo-wordpress\/ -->\n<title>Biotechnology Solutions | Advanced<\/title>\n<meta name=\"description\" content=\"Biotechnology solutions for clinical analysis laboratories, with equipment, technical support, and partners recognized in the industry.\" \/>\n<meta name=\"robots\" content=\"index, follow, max-snippet:-1, max-image-preview:large, max-video-preview:-1\" \/>\n<link rel=\"canonical\" href=\"http:\/\/ustradesolutions.com\/pt\/\" \/>\n<meta property=\"og:locale\" content=\"pt_BR\" \/>\n<meta property=\"og:type\" content=\"article\" \/>\n<meta property=\"og:title\" content=\"Biotechnology Solutions | Advanced\" \/>\n<meta property=\"og:description\" content=\"Biotechnology solutions for clinical analysis laboratories, with equipment, technical support, and partners recognized in the industry.\" \/>\n<meta property=\"og:url\" content=\"http:\/\/ustradesolutions.com\/pt\/\" \/>\n<meta property=\"og:site_name\" content=\"Advanced Solutions\" \/>\n<meta property=\"article:modified_time\" content=\"2026-05-07T07:29:11+00:00\" \/>\n<meta property=\"og:image\" content=\"https:\/\/ustradesolutions.com\/wp-content\/uploads\/2026\/05\/Design-sem-nome-8.jpg\" \/>\n\t<meta property=\"og:image:width\" content=\"1200\" \/>\n\t<meta property=\"og:image:height\" content=\"675\" \/>\n\t<meta property=\"og:image:type\" content=\"image\/jpeg\" \/>\n<meta name=\"twitter:card\" content=\"summary_large_image\" \/>\n<script type=\"application\/ld+json\" class=\"yoast-schema-graph\">{\"@context\":\"https:\\\/\\\/schema.org\",\"@graph\":[{\"@type\":\"WebPage\",\"@id\":\"http:\\\/\\\/ustradesolutions.com\\\/\",\"url\":\"http:\\\/\\\/ustradesolutions.com\\\/\",\"name\":\"Biotechnology Solutions | Advanced\",\"isPartOf\":{\"@id\":\"https:\\\/\\\/ustradesolutions.com\\\/#website\"},\"datePublished\":\"2017-12-05T14:47:47+00:00\",\"dateModified\":\"2026-05-07T07:29:11+00:00\",\"description\":\"Biotechnology solutions for clinical analysis laboratories, with equipment, technical support, and partners recognized in the industry.\",\"breadcrumb\":{\"@id\":\"http:\\\/\\\/ustradesolutions.com\\\/#breadcrumb\"},\"inLanguage\":\"pt-BR\",\"potentialAction\":[{\"@type\":\"ReadAction\",\"target\":[\"http:\\\/\\\/ustradesolutions.com\\\/\"]}]},{\"@type\":\"BreadcrumbList\",\"@id\":\"http:\\\/\\\/ustradesolutions.com\\\/#breadcrumb\",\"itemListElement\":[{\"@type\":\"ListItem\",\"position\":1,\"name\":\"In\u00edcio\",\"item\":\"http:\\\/\\\/ustradesolutions.com\\\/\"},{\"@type\":\"ListItem\",\"position\":2,\"name\":\"Home\"}]},{\"@type\":\"WebSite\",\"@id\":\"https:\\\/\\\/ustradesolutions.com\\\/#website\",\"url\":\"https:\\\/\\\/ustradesolutions.com\\\/\",\"name\":\"Advanced Solutions\",\"description\":\"\",\"publisher\":{\"@id\":\"https:\\\/\\\/ustradesolutions.com\\\/#organization\"},\"potentialAction\":[{\"@type\":\"SearchAction\",\"target\":{\"@type\":\"EntryPoint\",\"urlTemplate\":\"https:\\\/\\\/ustradesolutions.com\\\/?s={search_term_string}\"},\"query-input\":{\"@type\":\"PropertyValueSpecification\",\"valueRequired\":true,\"valueName\":\"search_term_string\"}}],\"inLanguage\":\"pt-BR\"},{\"@type\":\"Organization\",\"@id\":\"https:\\\/\\\/ustradesolutions.com\\\/#organization\",\"name\":\"Advanced Solutions\",\"url\":\"https:\\\/\\\/ustradesolutions.com\\\/\",\"logo\":{\"@type\":\"ImageObject\",\"inLanguage\":\"pt-BR\",\"@id\":\"https:\\\/\\\/ustradesolutions.com\\\/#\\\/schema\\\/logo\\\/image\\\/\",\"url\":\"https:\\\/\\\/ustradesolutions.com\\\/wp-content\\\/uploads\\\/2026\\\/03\\\/dd636b00-1b6c-40eb-b1c1-3c11a7c6e9c7__1_-removebg-preview.png\",\"contentUrl\":\"https:\\\/\\\/ustradesolutions.com\\\/wp-content\\\/uploads\\\/2026\\\/03\\\/dd636b00-1b6c-40eb-b1c1-3c11a7c6e9c7__1_-removebg-preview.png\",\"width\":806,\"height\":272,\"caption\":\"Advanced Solutions\"},\"image\":{\"@id\":\"https:\\\/\\\/ustradesolutions.com\\\/#\\\/schema\\\/logo\\\/image\\\/\"}}]}<\/script>\n<!-- \/ Yoast SEO plugin. -->","yoast_head_json":{"title":"Solu\u00e7\u00f5es em Biotecnologia | Advanced","description":"Solu\u00e7\u00f5es em biotecnologia para laborat\u00f3rios de an\u00e1lises cl\u00ednicas, com equipamentos, suporte t\u00e9cnico e parceiros reconhecidos no setor.","robots":{"index":"index","follow":"follow","max-snippet":"max-snippet:-1","max-image-preview":"max-image-preview:large","max-video-preview":"max-video-preview:-1"},"canonical":"http:\/\/ustradesolutions.com\/pt\/","og_locale":"pt_BR","og_type":"article","og_title":"Biotechnology Solutions | Advanced","og_description":"Biotechnology solutions for clinical analysis laboratories, with equipment, technical support, and partners recognized in the industry.","og_url":"http:\/\/ustradesolutions.com\/pt\/","og_site_name":"Advanced Solutions","article_modified_time":"2026-05-07T07:29:11+00:00","og_image":[{"width":1200,"height":675,"url":"https:\/\/ustradesolutions.com\/wp-content\/uploads\/2026\/05\/Design-sem-nome-8.jpg","type":"image\/jpeg"}],"twitter_card":"summary_large_image","schema":{"@context":"https:\/\/schema.org","@graph":[{"@type":"WebPage","@id":"http:\/\/ustradesolutions.com\/","url":"http:\/\/ustradesolutions.com\/","name":"Solu\u00e7\u00f5es em Biotecnologia | Advanced","isPartOf":{"@id":"https:\/\/ustradesolutions.com\/#website"},"datePublished":"2017-12-05T14:47:47+00:00","dateModified":"2026-05-07T07:29:11+00:00","description":"Solu\u00e7\u00f5es em biotecnologia para laborat\u00f3rios de an\u00e1lises cl\u00ednicas, com equipamentos, suporte t\u00e9cnico e parceiros reconhecidos no setor.","breadcrumb":{"@id":"http:\/\/ustradesolutions.com\/#breadcrumb"},"inLanguage":"pt-BR","potentialAction":[{"@type":"ReadAction","target":["http:\/\/ustradesolutions.com\/"]}]},{"@type":"BreadcrumbList","@id":"http:\/\/ustradesolutions.com\/#breadcrumb","itemListElement":[{"@type":"ListItem","position":1,"name":"In\u00edcio","item":"http:\/\/ustradesolutions.com\/"},{"@type":"ListItem","position":2,"name":"Home"}]},{"@type":"WebSite","@id":"https:\/\/ustradesolutions.com\/#website","url":"https:\/\/ustradesolutions.com\/","name":"Advanced Solutions","description":"","publisher":{"@id":"https:\/\/ustradesolutions.com\/#organization"},"potentialAction":[{"@type":"SearchAction","target":{"@type":"EntryPoint","urlTemplate":"https:\/\/ustradesolutions.com\/?s={search_term_string}"},"query-input":{"@type":"PropertyValueSpecification","valueRequired":true,"valueName":"search_term_string"}}],"inLanguage":"pt-BR"},{"@type":"Organization","@id":"https:\/\/ustradesolutions.com\/#organization","name":"Advanced Solutions","url":"https:\/\/ustradesolutions.com\/","logo":{"@type":"ImageObject","inLanguage":"pt-BR","@id":"https:\/\/ustradesolutions.com\/#\/schema\/logo\/image\/","url":"https:\/\/ustradesolutions.com\/wp-content\/uploads\/2026\/03\/dd636b00-1b6c-40eb-b1c1-3c11a7c6e9c7__1_-removebg-preview.png","contentUrl":"https:\/\/ustradesolutions.com\/wp-content\/uploads\/2026\/03\/dd636b00-1b6c-40eb-b1c1-3c11a7c6e9c7__1_-removebg-preview.png","width":806,"height":272,"caption":"Advanced Solutions"},"image":{"@id":"https:\/\/ustradesolutions.com\/#\/schema\/logo\/image\/"}}]}},"_links":{"self":[{"href":"https:\/\/ustradesolutions.com\/pt\/wp-json\/wp\/v2\/pages\/16","targetHints":{"allow":["GET"]}}],"collection":[{"href":"https:\/\/ustradesolutions.com\/pt\/wp-json\/wp\/v2\/pages"}],"about":[{"href":"https:\/\/ustradesolutions.com\/pt\/wp-json\/wp\/v2\/types\/page"}],"author":[{"embeddable":true,"href":"https:\/\/ustradesolutions.com\/pt\/wp-json\/wp\/v2\/users\/2"}],"replies":[{"embeddable":true,"href":"https:\/\/ustradesolutions.com\/pt\/wp-json\/wp\/v2\/comments?post=16"}],"version-history":[{"count":35,"href":"https:\/\/ustradesolutions.com\/pt\/wp-json\/wp\/v2\/pages\/16\/revisions"}],"predecessor-version":[{"id":502,"href":"https:\/\/ustradesolutions.com\/pt\/wp-json\/wp\/v2\/pages\/16\/revisions\/502"}],"wp:attachment":[{"href":"https:\/\/ustradesolutions.com\/pt\/wp-json\/wp\/v2\/media?parent=16"}],"curies":[{"name":"wp","href":"https:\/\/api.w.org\/{rel}","templated":true}]}}