{"id":316,"date":"2026-02-10T17:16:56","date_gmt":"2026-02-10T20:16:56","guid":{"rendered":"https:\/\/advanced.siteup.dev\/?page_id=316"},"modified":"2026-05-07T04:30:59","modified_gmt":"2026-05-07T07:30:59","slug":"quem-somos","status":"publish","type":"page","link":"https:\/\/ustradesolutions.com\/pt\/quem-somos\/","title":{"rendered":"Quem Somos"},"content":{"rendered":"","protected":false},"excerpt":{"rendered":"","protected":false},"author":4009,"featured_media":0,"parent":0,"menu_order":0,"comment_status":"closed","ping_status":"closed","template":"pages\/who-we-are.php","meta":{"_acf_changed":false,"footnotes":""},"class_list":["post-316","page","type-page","status-publish","hentry"],"acf":[],"yoast_head":"<!-- This site is optimized with the Yoast SEO plugin v27.6 - https:\/\/yoast.com\/product\/yoast-seo-wordpress\/ -->\n<title>About Us | Advanced<\/title>\n<meta name=\"description\" content=\"Get to know Advanced, a biotechnology company focused on innovation, quality, strategic partnerships, and technical support.\" \/>\n<meta name=\"robots\" content=\"index, follow, max-snippet:-1, max-image-preview:large, max-video-preview:-1\" \/>\n<link rel=\"canonical\" href=\"https:\/\/ustradesolutions.com\/pt\/quem-somos\/\" \/>\n<meta property=\"og:locale\" content=\"pt_BR\" \/>\n<meta property=\"og:type\" content=\"article\" \/>\n<meta property=\"og:title\" content=\"About Us | Advanced\" \/>\n<meta property=\"og:description\" content=\"Get to know Advanced, a biotechnology company focused on innovation, quality, strategic partnerships, and technical support.\" \/>\n<meta property=\"og:url\" content=\"https:\/\/ustradesolutions.com\/pt\/quem-somos\/\" \/>\n<meta property=\"og:site_name\" content=\"Advanced Solutions\" \/>\n<meta property=\"article:modified_time\" content=\"2026-05-07T07:30:59+00:00\" \/>\n<meta property=\"og:image\" content=\"https:\/\/ustradesolutions.com\/wp-content\/uploads\/2026\/05\/Design-sem-nome-8.jpg\" \/>\n\t<meta property=\"og:image:width\" content=\"1200\" \/>\n\t<meta property=\"og:image:height\" content=\"675\" \/>\n\t<meta property=\"og:image:type\" content=\"image\/jpeg\" \/>\n<meta name=\"twitter:card\" content=\"summary_large_image\" \/>\n<script type=\"application\/ld+json\" class=\"yoast-schema-graph\">{\"@context\":\"https:\\\/\\\/schema.org\",\"@graph\":[{\"@type\":\"WebPage\",\"@id\":\"https:\\\/\\\/ustradesolutions.com\\\/who-we-are\\\/\",\"url\":\"https:\\\/\\\/ustradesolutions.com\\\/who-we-are\\\/\",\"name\":\"About Us | Advanced\",\"isPartOf\":{\"@id\":\"https:\\\/\\\/ustradesolutions.com\\\/#website\"},\"datePublished\":\"2026-02-10T20:16:56+00:00\",\"dateModified\":\"2026-05-07T07:30:59+00:00\",\"description\":\"Get to know Advanced, a biotechnology company focused on innovation, quality, strategic partnerships, and technical support.\",\"breadcrumb\":{\"@id\":\"https:\\\/\\\/ustradesolutions.com\\\/who-we-are\\\/#breadcrumb\"},\"inLanguage\":\"pt-BR\",\"potentialAction\":[{\"@type\":\"ReadAction\",\"target\":[\"https:\\\/\\\/ustradesolutions.com\\\/who-we-are\\\/\"]}]},{\"@type\":\"BreadcrumbList\",\"@id\":\"https:\\\/\\\/ustradesolutions.com\\\/who-we-are\\\/#breadcrumb\",\"itemListElement\":[{\"@type\":\"ListItem\",\"position\":1,\"name\":\"In\u00edcio\",\"item\":\"http:\\\/\\\/ustradesolutions.com\\\/\"},{\"@type\":\"ListItem\",\"position\":2,\"name\":\"Who We Are\"}]},{\"@type\":\"WebSite\",\"@id\":\"https:\\\/\\\/ustradesolutions.com\\\/#website\",\"url\":\"https:\\\/\\\/ustradesolutions.com\\\/\",\"name\":\"Advanced Solutions\",\"description\":\"\",\"publisher\":{\"@id\":\"https:\\\/\\\/ustradesolutions.com\\\/#organization\"},\"potentialAction\":[{\"@type\":\"SearchAction\",\"target\":{\"@type\":\"EntryPoint\",\"urlTemplate\":\"https:\\\/\\\/ustradesolutions.com\\\/?s={search_term_string}\"},\"query-input\":{\"@type\":\"PropertyValueSpecification\",\"valueRequired\":true,\"valueName\":\"search_term_string\"}}],\"inLanguage\":\"pt-BR\"},{\"@type\":\"Organization\",\"@id\":\"https:\\\/\\\/ustradesolutions.com\\\/#organization\",\"name\":\"Advanced Solutions\",\"url\":\"https:\\\/\\\/ustradesolutions.com\\\/\",\"logo\":{\"@type\":\"ImageObject\",\"inLanguage\":\"pt-BR\",\"@id\":\"https:\\\/\\\/ustradesolutions.com\\\/#\\\/schema\\\/logo\\\/image\\\/\",\"url\":\"https:\\\/\\\/ustradesolutions.com\\\/wp-content\\\/uploads\\\/2026\\\/03\\\/dd636b00-1b6c-40eb-b1c1-3c11a7c6e9c7__1_-removebg-preview.png\",\"contentUrl\":\"https:\\\/\\\/ustradesolutions.com\\\/wp-content\\\/uploads\\\/2026\\\/03\\\/dd636b00-1b6c-40eb-b1c1-3c11a7c6e9c7__1_-removebg-preview.png\",\"width\":806,\"height\":272,\"caption\":\"Advanced Solutions\"},\"image\":{\"@id\":\"https:\\\/\\\/ustradesolutions.com\\\/#\\\/schema\\\/logo\\\/image\\\/\"}}]}<\/script>\n<!-- \/ Yoast SEO plugin. -->","yoast_head_json":{"title":"Quem Somos | Advanced","description":"Conhe\u00e7a a Advanced, empresa especializada em biotecnologia, com foco em inova\u00e7\u00e3o, qualidade, parcerias estrat\u00e9gicas e suporte t\u00e9cnico.","robots":{"index":"index","follow":"follow","max-snippet":"max-snippet:-1","max-image-preview":"max-image-preview:large","max-video-preview":"max-video-preview:-1"},"canonical":"https:\/\/ustradesolutions.com\/pt\/quem-somos\/","og_locale":"pt_BR","og_type":"article","og_title":"About Us | Advanced","og_description":"Get to know Advanced, a biotechnology company focused on innovation, quality, strategic partnerships, and technical support.","og_url":"https:\/\/ustradesolutions.com\/pt\/quem-somos\/","og_site_name":"Advanced Solutions","article_modified_time":"2026-05-07T07:30:59+00:00","og_image":[{"width":1200,"height":675,"url":"https:\/\/ustradesolutions.com\/wp-content\/uploads\/2026\/05\/Design-sem-nome-8.jpg","type":"image\/jpeg"}],"twitter_card":"summary_large_image","schema":{"@context":"https:\/\/schema.org","@graph":[{"@type":"WebPage","@id":"https:\/\/ustradesolutions.com\/who-we-are\/","url":"https:\/\/ustradesolutions.com\/who-we-are\/","name":"Quem Somos | Advanced","isPartOf":{"@id":"https:\/\/ustradesolutions.com\/#website"},"datePublished":"2026-02-10T20:16:56+00:00","dateModified":"2026-05-07T07:30:59+00:00","description":"Conhe\u00e7a a Advanced, empresa especializada em biotecnologia, com foco em inova\u00e7\u00e3o, qualidade, parcerias estrat\u00e9gicas e suporte t\u00e9cnico.","breadcrumb":{"@id":"https:\/\/ustradesolutions.com\/who-we-are\/#breadcrumb"},"inLanguage":"pt-BR","potentialAction":[{"@type":"ReadAction","target":["https:\/\/ustradesolutions.com\/who-we-are\/"]}]},{"@type":"BreadcrumbList","@id":"https:\/\/ustradesolutions.com\/who-we-are\/#breadcrumb","itemListElement":[{"@type":"ListItem","position":1,"name":"In\u00edcio","item":"http:\/\/ustradesolutions.com\/"},{"@type":"ListItem","position":2,"name":"Who We Are"}]},{"@type":"WebSite","@id":"https:\/\/ustradesolutions.com\/#website","url":"https:\/\/ustradesolutions.com\/","name":"Advanced Solutions","description":"","publisher":{"@id":"https:\/\/ustradesolutions.com\/#organization"},"potentialAction":[{"@type":"SearchAction","target":{"@type":"EntryPoint","urlTemplate":"https:\/\/ustradesolutions.com\/?s={search_term_string}"},"query-input":{"@type":"PropertyValueSpecification","valueRequired":true,"valueName":"search_term_string"}}],"inLanguage":"pt-BR"},{"@type":"Organization","@id":"https:\/\/ustradesolutions.com\/#organization","name":"Advanced Solutions","url":"https:\/\/ustradesolutions.com\/","logo":{"@type":"ImageObject","inLanguage":"pt-BR","@id":"https:\/\/ustradesolutions.com\/#\/schema\/logo\/image\/","url":"https:\/\/ustradesolutions.com\/wp-content\/uploads\/2026\/03\/dd636b00-1b6c-40eb-b1c1-3c11a7c6e9c7__1_-removebg-preview.png","contentUrl":"https:\/\/ustradesolutions.com\/wp-content\/uploads\/2026\/03\/dd636b00-1b6c-40eb-b1c1-3c11a7c6e9c7__1_-removebg-preview.png","width":806,"height":272,"caption":"Advanced Solutions"},"image":{"@id":"https:\/\/ustradesolutions.com\/#\/schema\/logo\/image\/"}}]}},"_links":{"self":[{"href":"https:\/\/ustradesolutions.com\/pt\/wp-json\/wp\/v2\/pages\/316","targetHints":{"allow":["GET"]}}],"collection":[{"href":"https:\/\/ustradesolutions.com\/pt\/wp-json\/wp\/v2\/pages"}],"about":[{"href":"https:\/\/ustradesolutions.com\/pt\/wp-json\/wp\/v2\/types\/page"}],"author":[{"embeddable":true,"href":"https:\/\/ustradesolutions.com\/pt\/wp-json\/wp\/v2\/users\/4009"}],"replies":[{"embeddable":true,"href":"https:\/\/ustradesolutions.com\/pt\/wp-json\/wp\/v2\/comments?post=316"}],"version-history":[{"count":9,"href":"https:\/\/ustradesolutions.com\/pt\/wp-json\/wp\/v2\/pages\/316\/revisions"}],"predecessor-version":[{"id":501,"href":"https:\/\/ustradesolutions.com\/pt\/wp-json\/wp\/v2\/pages\/316\/revisions\/501"}],"wp:attachment":[{"href":"https:\/\/ustradesolutions.com\/pt\/wp-json\/wp\/v2\/media?parent=316"}],"curies":[{"name":"wp","href":"https:\/\/api.w.org\/{rel}","templated":true}]}}